{"id":1011,"date":"2011-11-22T10:06:23","date_gmt":"2011-11-22T14:06:23","guid":{"rendered":"http:\/\/capecoralnewhomes.com\/nmb-blog\/?page_id=1011"},"modified":"2011-11-22T10:06:23","modified_gmt":"2011-11-22T14:06:23","slug":"exklusive-grundstucke-in-cape-coral-florida","status":"publish","type":"page","link":"https:\/\/www.nmb-florida-realty.com\/nmb-blog\/about\/exklusive-grundstucke-in-cape-coral-florida\/","title":{"rendered":"Exklusive Grundst\u00fccke in Cape Coral, Florida"},"content":{"rendered":"<p>Wieder konnte NMB Florida Realty seinen Kaufkunden exklusive Grundst\u00fccke mit k\u00fcrzestem Bootszugang zum Golf von Mexiko in TOP-Lagen in S\u00fcdwest von Cape Coral, Florida sichern. NMB Florida Realty vermittelte in den letzten Monaten fast alle noch verf\u00fcgbaren und angebotenen Grundst\u00fccke an der exklusiven Edelmeile El Dorado Parkway West an seine Kaufkunden.<\/p>\n<figure id=\"attachment_1012\" aria-describedby=\"caption-attachment-1012\" style=\"width: 641px\" class=\"wp-caption aligncenter\"><a href=\"http:\/\/capecoralnewhomes.com\/nmb-blog\/wp-content\/uploads\/2011\/11\/TOP-Lagen-Cape-Coral.jpg\"><img loading=\"lazy\" class=\"size-large wp-image-1012\" title=\"TOP-Grundst\u00fccke in Cape Coral, Florida\" src=\"http:\/\/capecoralnewhomes.com\/nmb-blog\/wp-content\/uploads\/2011\/11\/TOP-Lagen-Cape-Coral-1024x650.jpg\" alt=\"\" width=\"641\" height=\"406\" srcset=\"https:\/\/www.nmb-florida-realty.com\/nmb-blog\/wp-content\/uploads\/2011\/11\/TOP-Lagen-Cape-Coral-1024x650.jpg 1024w, https:\/\/www.nmb-florida-realty.com\/nmb-blog\/wp-content\/uploads\/2011\/11\/TOP-Lagen-Cape-Coral-300x190.jpg 300w, https:\/\/www.nmb-florida-realty.com\/nmb-blog\/wp-content\/uploads\/2011\/11\/TOP-Lagen-Cape-Coral.jpg 1508w\" sizes=\"(max-width: 641px) 100vw, 641px\" \/><\/a><figcaption id=\"caption-attachment-1012\" class=\"wp-caption-text\">TOP-Grundst\u00fccke in Cape Coral, Florida, mit k\u00fcrzestem Bootsweg zum Golf von Mexiko<\/figcaption><\/figure>\n<p>TOP-Lagen am El Dorado Parkway West, Cape Coral:<\/p>\n<figure id=\"attachment_1013\" aria-describedby=\"caption-attachment-1013\" style=\"width: 640px\" class=\"wp-caption alignnone\"><a href=\"http:\/\/capecoralnewhomes.com\/nmb-blog\/wp-content\/uploads\/2011\/11\/Grundst\u00fcck-El-Dorado-Parkway-West-3.jpg\"><img loading=\"lazy\" class=\"size-large wp-image-1013 \" title=\"Grundst\u00fcck 1 am El Dorado Parkway West, Cape Coral, Florida\" src=\"http:\/\/capecoralnewhomes.com\/nmb-blog\/wp-content\/uploads\/2011\/11\/Grundst\u00fcck-El-Dorado-Parkway-West-3-1024x679.jpg\" alt=\"\" width=\"640\" height=\"424\" srcset=\"https:\/\/www.nmb-florida-realty.com\/nmb-blog\/wp-content\/uploads\/2011\/11\/Grundst\u00fcck-El-Dorado-Parkway-West-3-1024x679.jpg 1024w, https:\/\/www.nmb-florida-realty.com\/nmb-blog\/wp-content\/uploads\/2011\/11\/Grundst\u00fcck-El-Dorado-Parkway-West-3-300x198.jpg 300w, https:\/\/www.nmb-florida-realty.com\/nmb-blog\/wp-content\/uploads\/2011\/11\/Grundst\u00fcck-El-Dorado-Parkway-West-3.jpg 1505w\" sizes=\"(max-width: 640px) 100vw, 640px\" \/><\/a><figcaption id=\"caption-attachment-1013\" class=\"wp-caption-text\">Grundst\u00fcck 1 am El Dorado Parkway West, Cape Coral, Florida<\/figcaption><\/figure>\n<p style=\"text-align: center;\">\n<figure id=\"attachment_1016\" aria-describedby=\"caption-attachment-1016\" style=\"width: 640px\" class=\"wp-caption aligncenter\"><a href=\"http:\/\/capecoralnewhomes.com\/nmb-blog\/wp-content\/uploads\/2011\/11\/Grundst\u00fcck-Cape-Coral-El-Dorado-Parkway-11.jpg\"><img loading=\"lazy\" class=\"size-large wp-image-1016 \" title=\"Grundst\u00fcck 2 am El Dorado Parkway West in Cape Coral, Florida\" src=\"http:\/\/capecoralnewhomes.com\/nmb-blog\/wp-content\/uploads\/2011\/11\/Grundst\u00fcck-Cape-Coral-El-Dorado-Parkway-11-1024x672.jpg\" alt=\"\" width=\"640\" height=\"419\" srcset=\"https:\/\/www.nmb-florida-realty.com\/nmb-blog\/wp-content\/uploads\/2011\/11\/Grundst\u00fcck-Cape-Coral-El-Dorado-Parkway-11-1024x672.jpg 1024w, https:\/\/www.nmb-florida-realty.com\/nmb-blog\/wp-content\/uploads\/2011\/11\/Grundst\u00fcck-Cape-Coral-El-Dorado-Parkway-11-300x196.jpg 300w, https:\/\/www.nmb-florida-realty.com\/nmb-blog\/wp-content\/uploads\/2011\/11\/Grundst\u00fcck-Cape-Coral-El-Dorado-Parkway-11.jpg 1502w\" sizes=\"(max-width: 640px) 100vw, 640px\" \/><\/a><figcaption id=\"caption-attachment-1016\" class=\"wp-caption-text\">Grundst\u00fcck 2 am El Dorado Parkway West in Cape Coral, Florida<\/figcaption><\/figure>\n<figure id=\"attachment_1014\" aria-describedby=\"caption-attachment-1014\" style=\"width: 640px\" class=\"wp-caption aligncenter\"><a href=\"http:\/\/capecoralnewhomes.com\/nmb-blog\/wp-content\/uploads\/2011\/11\/Grundst\u00fcck-El-Dorado-Parkway-West-2.jpg\"><img loading=\"lazy\" class=\"size-large wp-image-1014 \" title=\"Grundst\u00fcck 3 El Dorado Parkway West in Cape Coral, Florida\" src=\"http:\/\/capecoralnewhomes.com\/nmb-blog\/wp-content\/uploads\/2011\/11\/Grundst\u00fcck-El-Dorado-Parkway-West-2-1024x654.jpg\" alt=\"\" width=\"640\" height=\"408\" srcset=\"https:\/\/www.nmb-florida-realty.com\/nmb-blog\/wp-content\/uploads\/2011\/11\/Grundst\u00fcck-El-Dorado-Parkway-West-2-1024x654.jpg 1024w, https:\/\/www.nmb-florida-realty.com\/nmb-blog\/wp-content\/uploads\/2011\/11\/Grundst\u00fcck-El-Dorado-Parkway-West-2-300x191.jpg 300w, https:\/\/www.nmb-florida-realty.com\/nmb-blog\/wp-content\/uploads\/2011\/11\/Grundst\u00fcck-El-Dorado-Parkway-West-2.jpg 1509w\" sizes=\"(max-width: 640px) 100vw, 640px\" \/><\/a><figcaption id=\"caption-attachment-1014\" class=\"wp-caption-text\">Grundst\u00fcck 3 El Dorado Parkway West in Cape Coral, Florida<\/figcaption><\/figure>\n<p>Grundst\u00fcck an der 28th Place in Cape Coral, Florida<\/p>\n<figure id=\"attachment_1017\" aria-describedby=\"caption-attachment-1017\" style=\"width: 640px\" class=\"wp-caption aligncenter\"><a href=\"http:\/\/capecoralnewhomes.com\/nmb-blog\/wp-content\/uploads\/2011\/11\/Grundst\u00fccke-28th-Pl-Cape-Coral-Florida.jpg\"><img loading=\"lazy\" class=\"size-large wp-image-1017 \" title=\"Grundst\u00fcck 4 an der 28th Place in CapeCoral, Florida\" src=\"http:\/\/capecoralnewhomes.com\/nmb-blog\/wp-content\/uploads\/2011\/11\/Grundst\u00fccke-28th-Pl-Cape-Coral-Florida-1024x677.jpg\" alt=\"\" width=\"640\" height=\"422\" srcset=\"https:\/\/www.nmb-florida-realty.com\/nmb-blog\/wp-content\/uploads\/2011\/11\/Grundst\u00fccke-28th-Pl-Cape-Coral-Florida-1024x677.jpg 1024w, https:\/\/www.nmb-florida-realty.com\/nmb-blog\/wp-content\/uploads\/2011\/11\/Grundst\u00fccke-28th-Pl-Cape-Coral-Florida-300x198.jpg 300w, https:\/\/www.nmb-florida-realty.com\/nmb-blog\/wp-content\/uploads\/2011\/11\/Grundst\u00fccke-28th-Pl-Cape-Coral-Florida.jpg 1504w\" sizes=\"(max-width: 640px) 100vw, 640px\" \/><\/a><figcaption id=\"caption-attachment-1017\" class=\"wp-caption-text\">Grundst\u00fcck 4 an der 28th Place in CapeCoral, Florida<\/figcaption><\/figure>\n<p>Fast alle Grundst\u00fccke sind inzwischen mit Bauauftr\u00e4gen hinterlegt. Die Villen werden das vorhandene Mietvillenportfolio hervorragend erg\u00e4nzen. Dies ist auch dringend notwendig, da fast alle vorhandenen Mietvillen bis Ende M\u00e4rz 2012 bereits ausgebucht sind und Mietanfragen f\u00fcr diesen Zeitraum leider abgelehnt werden m\u00fcssen.<\/p>\n","protected":false},"excerpt":{"rendered":"<p>Wieder konnte NMB Florida Realty seinen Kaufkunden exklusive Grundst\u00fccke mit k\u00fcrzestem Bootszugang zum Golf von Mexiko in TOP-Lagen in S\u00fcdwest von Cape Coral, Florida sichern. NMB Florida Realty vermittelte in den letzten Monaten fast alle noch verf\u00fcgbaren und angebotenen Grundst\u00fccke an der exklusiven Edelmeile El Dorado Parkway West an seine Kaufkunden. TOP-Lagen am El Dorado [&hellip;]<\/p>\n","protected":false},"author":2,"featured_media":0,"parent":2,"menu_order":0,"comment_status":"open","ping_status":"open","template":"","meta":[],"aioseo_notices":[],"_links":{"self":[{"href":"https:\/\/www.nmb-florida-realty.com\/nmb-blog\/wp-json\/wp\/v2\/pages\/1011"}],"collection":[{"href":"https:\/\/www.nmb-florida-realty.com\/nmb-blog\/wp-json\/wp\/v2\/pages"}],"about":[{"href":"https:\/\/www.nmb-florida-realty.com\/nmb-blog\/wp-json\/wp\/v2\/types\/page"}],"author":[{"embeddable":true,"href":"https:\/\/www.nmb-florida-realty.com\/nmb-blog\/wp-json\/wp\/v2\/users\/2"}],"replies":[{"embeddable":true,"href":"https:\/\/www.nmb-florida-realty.com\/nmb-blog\/wp-json\/wp\/v2\/comments?post=1011"}],"version-history":[{"count":1,"href":"https:\/\/www.nmb-florida-realty.com\/nmb-blog\/wp-json\/wp\/v2\/pages\/1011\/revisions"}],"predecessor-version":[{"id":1018,"href":"https:\/\/www.nmb-florida-realty.com\/nmb-blog\/wp-json\/wp\/v2\/pages\/1011\/revisions\/1018"}],"up":[{"embeddable":true,"href":"https:\/\/www.nmb-florida-realty.com\/nmb-blog\/wp-json\/wp\/v2\/pages\/2"}],"wp:attachment":[{"href":"https:\/\/www.nmb-florida-realty.com\/nmb-blog\/wp-json\/wp\/v2\/media?parent=1011"}],"curies":[{"name":"wp","href":"https:\/\/api.w.org\/{rel}","templated":true}]}}